{"id":130,"date":"2018-12-19T10:20:32","date_gmt":"2018-12-19T10:20:32","guid":{"rendered":"https:\/\/informeanualintegrado2018.ferrovial.com\/?page_id=130"},"modified":"2019-02-28T15:42:20","modified_gmt":"2019-02-28T14:42:20","slug":"medidas-alternativas-de-rendimiento","status":"publish","type":"page","link":"https:\/\/informeanualintegrado2018.ferrovial.com\/es\/anexo\/medidas-alternativas-de-rendimiento\/","title":{"rendered":"Medidas Alternativas de Rendimiento"},"content":{"rendered":"<p>Medidas alternativas de rendimiento<\/p>\n","protected":false},"excerpt":{"rendered":"<p>La compa\u00f1\u00eda presenta sus resultados de acuerdo con la normativa contable generalmente aceptada (niif). Adicionalmente, la Direcci\u00f3n proporciona en el informe de gesti\u00f3n y de las cuentas anuales consolidadas otras medidas financieras no reguladas en las niif, denominadas apm\u2019s,(alternative performance measures) seg\u00fan las directrices del european securities and markets authority (esma). La Direcci\u00f3n utiliza estos apm en la toma de decisiones y para evaluar el rendimiento de la compa\u00f1\u00eda. a continuaci\u00f3n, se detallan los desgloses requeridos por el ESMA para cada APM sobre definici\u00f3n, reconciliaci\u00f3n, explicaci\u00f3n del uso, comparativa y coherencia. Se proporciona informaci\u00f3n m\u00e1s detallada en la p\u00e1gina Web Corporativa.<\/p>\n","protected":false},"featured_media":4633,"parent":34,"menu_order":0,"comment_status":"closed","ping_status":"closed","template":"template-level.php","meta":{"_acf_changed":false,"_monsterinsights_skip_tracking":false,"_monsterinsights_sitenote_active":false,"_monsterinsights_sitenote_note":"","_monsterinsights_sitenote_category":0,"footnotes":""},"class_list":["post-130","page","type-page","status-publish","has-post-thumbnail","hentry"],"acf":[],"yoast_head":"<!-- This site is optimized with the Yoast SEO plugin v27.2 - https:\/\/yoast.com\/product\/yoast-seo-wordpress\/ -->\n<title>Medidas Alternativas de Rendimiento - Informe Anual Integrado 2018<\/title>\n<meta name=\"robots\" content=\"noindex, follow, max-snippet:-1, max-image-preview:large, max-video-preview:-1\" \/>\n<meta property=\"og:locale\" content=\"es_ES\" \/>\n<meta property=\"og:type\" content=\"article\" \/>\n<meta property=\"og:title\" content=\"Medidas Alternativas de Rendimiento - Informe Anual Integrado 2018\" \/>\n<meta property=\"og:description\" content=\"La compa\u00f1\u00eda presenta sus resultados de acuerdo con la normativa contable generalmente aceptada (niif). Adicionalmente, la Direcci\u00f3n proporciona en el informe de gesti\u00f3n y de las cuentas anuales consolidadas otras medidas financieras no reguladas en las niif, denominadas apm\u2019s,(alternative performance measures) seg\u00fan las directrices del european securities and markets authority (esma). La Direcci\u00f3n utiliza estos apm en la toma de decisiones y para evaluar el rendimiento de la compa\u00f1\u00eda. a continuaci\u00f3n, se detallan los desgloses requeridos por el ESMA para cada APM sobre definici\u00f3n, reconciliaci\u00f3n, explicaci\u00f3n del uso, comparativa y coherencia. Se proporciona informaci\u00f3n m\u00e1s detallada en la p\u00e1gina Web Corporativa.\" \/>\n<meta property=\"og:url\" content=\"https:\/\/informeanualintegrado2018.ferrovial.com\/es\/anexo\/medidas-alternativas-de-rendimiento\/\" \/>\n<meta property=\"og:site_name\" content=\"Informe Anual Integrado 2018\" \/>\n<meta property=\"article:publisher\" content=\"https:\/\/www.facebook.com\/ferrovial\" \/>\n<meta property=\"article:modified_time\" content=\"2019-02-28T14:42:20+00:00\" \/>\n<meta property=\"og:image\" content=\"https:\/\/static-iai.ferrovial.com\/wp-content\/uploads\/sites\/4\/2019\/02\/03115203\/anexos-img_8501-ret.jpg\" \/>\n\t<meta property=\"og:image:width\" content=\"2000\" \/>\n\t<meta property=\"og:image:height\" content=\"1333\" \/>\n\t<meta property=\"og:image:type\" content=\"image\/jpeg\" \/>\n<meta name=\"twitter:card\" content=\"summary_large_image\" \/>\n<meta name=\"twitter:site\" content=\"@ferrovial_es\" \/>\n<script type=\"application\/ld+json\" class=\"yoast-schema-graph\">{\"@context\":\"https:\/\/schema.org\",\"@graph\":[{\"@type\":\"WebPage\",\"@id\":\"https:\/\/informeanualintegrado2018.ferrovial.com\/es\/anexo\/medidas-alternativas-de-rendimiento\/\",\"url\":\"https:\/\/informeanualintegrado2018.ferrovial.com\/es\/anexo\/medidas-alternativas-de-rendimiento\/\",\"name\":\"Medidas Alternativas de Rendimiento - Informe Anual Integrado 2018\",\"isPartOf\":{\"@id\":\"https:\/\/informeanualintegrado2018.ferrovial.com\/es\/#website\"},\"primaryImageOfPage\":{\"@id\":\"https:\/\/informeanualintegrado2018.ferrovial.com\/es\/anexo\/medidas-alternativas-de-rendimiento\/#primaryimage\"},\"image\":{\"@id\":\"https:\/\/informeanualintegrado2018.ferrovial.com\/es\/anexo\/medidas-alternativas-de-rendimiento\/#primaryimage\"},\"thumbnailUrl\":\"https:\/\/static-iai.ferrovial.com\/wp-content\/uploads\/sites\/4\/2019\/02\/03115203\/anexos-img_8501-ret.jpg\",\"datePublished\":\"2018-12-19T10:20:32+00:00\",\"dateModified\":\"2019-02-28T14:42:20+00:00\",\"breadcrumb\":{\"@id\":\"https:\/\/informeanualintegrado2018.ferrovial.com\/es\/anexo\/medidas-alternativas-de-rendimiento\/#breadcrumb\"},\"inLanguage\":\"es\",\"potentialAction\":[{\"@type\":\"ReadAction\",\"target\":[\"https:\/\/informeanualintegrado2018.ferrovial.com\/es\/anexo\/medidas-alternativas-de-rendimiento\/\"]}]},{\"@type\":\"ImageObject\",\"inLanguage\":\"es\",\"@id\":\"https:\/\/informeanualintegrado2018.ferrovial.com\/es\/anexo\/medidas-alternativas-de-rendimiento\/#primaryimage\",\"url\":\"https:\/\/static-iai.ferrovial.com\/wp-content\/uploads\/sites\/4\/2019\/02\/03115203\/anexos-img_8501-ret.jpg\",\"contentUrl\":\"https:\/\/static-iai.ferrovial.com\/wp-content\/uploads\/sites\/4\/2019\/02\/03115203\/anexos-img_8501-ret.jpg\",\"width\":2000,\"height\":1333},{\"@type\":\"BreadcrumbList\",\"@id\":\"https:\/\/informeanualintegrado2018.ferrovial.com\/es\/anexo\/medidas-alternativas-de-rendimiento\/#breadcrumb\",\"itemListElement\":[{\"@type\":\"ListItem\",\"position\":1,\"name\":\"Portada\",\"item\":\"https:\/\/informeanualintegrado2018.ferrovial.com\/es\/\"},{\"@type\":\"ListItem\",\"position\":2,\"name\":\"Anexo\",\"item\":\"https:\/\/informeanualintegrado2018.ferrovial.com\/es\/anexo\/\"},{\"@type\":\"ListItem\",\"position\":3,\"name\":\"Medidas Alternativas de Rendimiento\"}]},{\"@type\":\"WebSite\",\"@id\":\"https:\/\/informeanualintegrado2018.ferrovial.com\/es\/#website\",\"url\":\"https:\/\/informeanualintegrado2018.ferrovial.com\/es\/\",\"name\":\"Informe Anual Integrado 2018\",\"description\":\"\",\"publisher\":{\"@id\":\"https:\/\/informeanualintegrado2018.ferrovial.com\/es\/#organization\"},\"potentialAction\":[{\"@type\":\"SearchAction\",\"target\":{\"@type\":\"EntryPoint\",\"urlTemplate\":\"https:\/\/informeanualintegrado2018.ferrovial.com\/es\/?s={search_term_string}\"},\"query-input\":{\"@type\":\"PropertyValueSpecification\",\"valueRequired\":true,\"valueName\":\"search_term_string\"}}],\"inLanguage\":\"es\"},{\"@type\":\"Organization\",\"@id\":\"https:\/\/informeanualintegrado2018.ferrovial.com\/es\/#organization\",\"name\":\"Ferrovial Corporaci\u00f3n S.A\",\"url\":\"https:\/\/informeanualintegrado2018.ferrovial.com\/es\/\",\"logo\":{\"@type\":\"ImageObject\",\"inLanguage\":\"es\",\"@id\":\"https:\/\/informeanualintegrado2018.ferrovial.com\/es\/#\/schema\/logo\/image\/\",\"url\":\"https:\/\/static-iai.ferrovial.com\/wp-content\/uploads\/sites\/4\/2019\/02\/03115648\/ferrovial_logo_negativo.jpg\",\"contentUrl\":\"https:\/\/static-iai.ferrovial.com\/wp-content\/uploads\/sites\/4\/2019\/02\/03115648\/ferrovial_logo_negativo.jpg\",\"width\":1988,\"height\":688,\"caption\":\"Ferrovial Corporaci\u00f3n S.A\"},\"image\":{\"@id\":\"https:\/\/informeanualintegrado2018.ferrovial.com\/es\/#\/schema\/logo\/image\/\"},\"sameAs\":[\"https:\/\/www.facebook.com\/ferrovial\",\"https:\/\/x.com\/ferrovial_es\",\"https:\/\/instagram.com\/ferrovial\",\"https:\/\/www.linkedin.com\/company\/ferrovial\",\"https:\/\/pinterest.com\/ferrovial\",\"https:\/\/www.youtube.com\/ferrovial\"]}]}<\/script>\n<!-- \/ Yoast SEO plugin. -->","yoast_head_json":{"title":"Medidas Alternativas de Rendimiento - Informe Anual Integrado 2018","robots":{"index":"noindex","follow":"follow","max-snippet":"max-snippet:-1","max-image-preview":"max-image-preview:large","max-video-preview":"max-video-preview:-1"},"og_locale":"es_ES","og_type":"article","og_title":"Medidas Alternativas de Rendimiento - Informe Anual Integrado 2018","og_description":"La compa\u00f1\u00eda presenta sus resultados de acuerdo con la normativa contable generalmente aceptada (niif). Adicionalmente, la Direcci\u00f3n proporciona en el informe de gesti\u00f3n y de las cuentas anuales consolidadas otras medidas financieras no reguladas en las niif, denominadas apm\u2019s,(alternative performance measures) seg\u00fan las directrices del european securities and markets authority (esma). La Direcci\u00f3n utiliza estos apm en la toma de decisiones y para evaluar el rendimiento de la compa\u00f1\u00eda. a continuaci\u00f3n, se detallan los desgloses requeridos por el ESMA para cada APM sobre definici\u00f3n, reconciliaci\u00f3n, explicaci\u00f3n del uso, comparativa y coherencia. Se proporciona informaci\u00f3n m\u00e1s detallada en la p\u00e1gina Web Corporativa.","og_url":"https:\/\/informeanualintegrado2018.ferrovial.com\/es\/anexo\/medidas-alternativas-de-rendimiento\/","og_site_name":"Informe Anual Integrado 2018","article_publisher":"https:\/\/www.facebook.com\/ferrovial","article_modified_time":"2019-02-28T14:42:20+00:00","og_image":[{"width":2000,"height":1333,"url":"https:\/\/static-iai.ferrovial.com\/wp-content\/uploads\/sites\/4\/2019\/02\/03115203\/anexos-img_8501-ret.jpg","type":"image\/jpeg"}],"twitter_card":"summary_large_image","twitter_site":"@ferrovial_es","schema":{"@context":"https:\/\/schema.org","@graph":[{"@type":"WebPage","@id":"https:\/\/informeanualintegrado2018.ferrovial.com\/es\/anexo\/medidas-alternativas-de-rendimiento\/","url":"https:\/\/informeanualintegrado2018.ferrovial.com\/es\/anexo\/medidas-alternativas-de-rendimiento\/","name":"Medidas Alternativas de Rendimiento - Informe Anual Integrado 2018","isPartOf":{"@id":"https:\/\/informeanualintegrado2018.ferrovial.com\/es\/#website"},"primaryImageOfPage":{"@id":"https:\/\/informeanualintegrado2018.ferrovial.com\/es\/anexo\/medidas-alternativas-de-rendimiento\/#primaryimage"},"image":{"@id":"https:\/\/informeanualintegrado2018.ferrovial.com\/es\/anexo\/medidas-alternativas-de-rendimiento\/#primaryimage"},"thumbnailUrl":"https:\/\/static-iai.ferrovial.com\/wp-content\/uploads\/sites\/4\/2019\/02\/03115203\/anexos-img_8501-ret.jpg","datePublished":"2018-12-19T10:20:32+00:00","dateModified":"2019-02-28T14:42:20+00:00","breadcrumb":{"@id":"https:\/\/informeanualintegrado2018.ferrovial.com\/es\/anexo\/medidas-alternativas-de-rendimiento\/#breadcrumb"},"inLanguage":"es","potentialAction":[{"@type":"ReadAction","target":["https:\/\/informeanualintegrado2018.ferrovial.com\/es\/anexo\/medidas-alternativas-de-rendimiento\/"]}]},{"@type":"ImageObject","inLanguage":"es","@id":"https:\/\/informeanualintegrado2018.ferrovial.com\/es\/anexo\/medidas-alternativas-de-rendimiento\/#primaryimage","url":"https:\/\/static-iai.ferrovial.com\/wp-content\/uploads\/sites\/4\/2019\/02\/03115203\/anexos-img_8501-ret.jpg","contentUrl":"https:\/\/static-iai.ferrovial.com\/wp-content\/uploads\/sites\/4\/2019\/02\/03115203\/anexos-img_8501-ret.jpg","width":2000,"height":1333},{"@type":"BreadcrumbList","@id":"https:\/\/informeanualintegrado2018.ferrovial.com\/es\/anexo\/medidas-alternativas-de-rendimiento\/#breadcrumb","itemListElement":[{"@type":"ListItem","position":1,"name":"Portada","item":"https:\/\/informeanualintegrado2018.ferrovial.com\/es\/"},{"@type":"ListItem","position":2,"name":"Anexo","item":"https:\/\/informeanualintegrado2018.ferrovial.com\/es\/anexo\/"},{"@type":"ListItem","position":3,"name":"Medidas Alternativas de Rendimiento"}]},{"@type":"WebSite","@id":"https:\/\/informeanualintegrado2018.ferrovial.com\/es\/#website","url":"https:\/\/informeanualintegrado2018.ferrovial.com\/es\/","name":"Informe Anual Integrado 2018","description":"","publisher":{"@id":"https:\/\/informeanualintegrado2018.ferrovial.com\/es\/#organization"},"potentialAction":[{"@type":"SearchAction","target":{"@type":"EntryPoint","urlTemplate":"https:\/\/informeanualintegrado2018.ferrovial.com\/es\/?s={search_term_string}"},"query-input":{"@type":"PropertyValueSpecification","valueRequired":true,"valueName":"search_term_string"}}],"inLanguage":"es"},{"@type":"Organization","@id":"https:\/\/informeanualintegrado2018.ferrovial.com\/es\/#organization","name":"Ferrovial Corporaci\u00f3n S.A","url":"https:\/\/informeanualintegrado2018.ferrovial.com\/es\/","logo":{"@type":"ImageObject","inLanguage":"es","@id":"https:\/\/informeanualintegrado2018.ferrovial.com\/es\/#\/schema\/logo\/image\/","url":"https:\/\/static-iai.ferrovial.com\/wp-content\/uploads\/sites\/4\/2019\/02\/03115648\/ferrovial_logo_negativo.jpg","contentUrl":"https:\/\/static-iai.ferrovial.com\/wp-content\/uploads\/sites\/4\/2019\/02\/03115648\/ferrovial_logo_negativo.jpg","width":1988,"height":688,"caption":"Ferrovial Corporaci\u00f3n S.A"},"image":{"@id":"https:\/\/informeanualintegrado2018.ferrovial.com\/es\/#\/schema\/logo\/image\/"},"sameAs":["https:\/\/www.facebook.com\/ferrovial","https:\/\/x.com\/ferrovial_es","https:\/\/instagram.com\/ferrovial","https:\/\/www.linkedin.com\/company\/ferrovial","https:\/\/pinterest.com\/ferrovial","https:\/\/www.youtube.com\/ferrovial"]}]}},"_links":{"self":[{"href":"https:\/\/informeanualintegrado2018.ferrovial.com\/es\/wp-json\/wp\/v2\/pages\/130","targetHints":{"allow":["GET"]}}],"collection":[{"href":"https:\/\/informeanualintegrado2018.ferrovial.com\/es\/wp-json\/wp\/v2\/pages"}],"about":[{"href":"https:\/\/informeanualintegrado2018.ferrovial.com\/es\/wp-json\/wp\/v2\/types\/page"}],"replies":[{"embeddable":true,"href":"https:\/\/informeanualintegrado2018.ferrovial.com\/es\/wp-json\/wp\/v2\/comments?post=130"}],"version-history":[{"count":10,"href":"https:\/\/informeanualintegrado2018.ferrovial.com\/es\/wp-json\/wp\/v2\/pages\/130\/revisions"}],"predecessor-version":[{"id":5568,"href":"https:\/\/informeanualintegrado2018.ferrovial.com\/es\/wp-json\/wp\/v2\/pages\/130\/revisions\/5568"}],"up":[{"embeddable":true,"href":"https:\/\/informeanualintegrado2018.ferrovial.com\/es\/wp-json\/wp\/v2\/pages\/34"}],"wp:featuredmedia":[{"embeddable":true,"href":"https:\/\/informeanualintegrado2018.ferrovial.com\/es\/wp-json\/wp\/v2\/media\/4633"}],"wp:attachment":[{"href":"https:\/\/informeanualintegrado2018.ferrovial.com\/es\/wp-json\/wp\/v2\/media?parent=130"}],"curies":[{"name":"wp","href":"https:\/\/api.w.org\/{rel}","templated":true}]}}