{"id":1902,"date":"2019-02-14T11:23:54","date_gmt":"2019-02-14T10:23:54","guid":{"rendered":"https:\/\/informeanualintegrado2018.ferrovial.com\/?page_id=1902"},"modified":"2019-02-28T16:09:48","modified_gmt":"2019-02-28T15:09:48","slug":"innovacion","status":"publish","type":"page","link":"https:\/\/informeanualintegrado2018.ferrovial.com\/es\/ferrovial-en-2018\/clientes\/innovacion\/","title":{"rendered":"Innovaci\u00f3n"},"content":{"rendered":"","protected":false},"excerpt":{"rendered":"<p>La innovaci\u00f3n es uno de los ejes vertebradores de las actividades de ferrovial. La compa\u00f1\u00eda se focaliza en el desarrollo de proyectos vinculados a sus negocios que incrementan la creaci\u00f3n de valor.<\/p>\n","protected":false},"featured_media":3492,"parent":74,"menu_order":0,"comment_status":"closed","ping_status":"closed","template":"template-level.php","meta":{"_acf_changed":false,"_monsterinsights_skip_tracking":false,"_monsterinsights_sitenote_active":false,"_monsterinsights_sitenote_note":"","_monsterinsights_sitenote_category":0,"footnotes":""},"class_list":["post-1902","page","type-page","status-publish","has-post-thumbnail","hentry"],"acf":[],"yoast_head":"<!-- This site is optimized with the Yoast SEO plugin v27.2 - https:\/\/yoast.com\/product\/yoast-seo-wordpress\/ -->\n<title>Innovaci\u00f3n - Informe Anual Integrado 2018<\/title>\n<meta name=\"robots\" content=\"noindex, follow, max-snippet:-1, max-image-preview:large, max-video-preview:-1\" \/>\n<meta property=\"og:locale\" content=\"es_ES\" \/>\n<meta property=\"og:type\" content=\"article\" \/>\n<meta property=\"og:title\" content=\"Innovaci\u00f3n - Informe Anual Integrado 2018\" \/>\n<meta property=\"og:description\" content=\"La innovaci\u00f3n es uno de los ejes vertebradores de las actividades de ferrovial. La compa\u00f1\u00eda se focaliza en el desarrollo de proyectos vinculados a sus negocios que incrementan la creaci\u00f3n de valor.\" \/>\n<meta property=\"og:url\" content=\"https:\/\/informeanualintegrado2018.ferrovial.com\/es\/ferrovial-en-2018\/clientes\/innovacion\/\" \/>\n<meta property=\"og:site_name\" content=\"Informe Anual Integrado 2018\" \/>\n<meta property=\"article:publisher\" content=\"https:\/\/www.facebook.com\/ferrovial\" \/>\n<meta property=\"article:modified_time\" content=\"2019-02-28T15:09:48+00:00\" \/>\n<meta property=\"og:image\" content=\"https:\/\/static-iai.ferrovial.com\/wp-content\/uploads\/sites\/4\/2019\/02\/03115311\/zity.jpg\" \/>\n\t<meta property=\"og:image:width\" content=\"1348\" \/>\n\t<meta property=\"og:image:height\" content=\"899\" \/>\n\t<meta property=\"og:image:type\" content=\"image\/jpeg\" \/>\n<meta name=\"twitter:card\" content=\"summary_large_image\" \/>\n<meta name=\"twitter:site\" content=\"@ferrovial_es\" \/>\n<script type=\"application\/ld+json\" class=\"yoast-schema-graph\">{\"@context\":\"https:\/\/schema.org\",\"@graph\":[{\"@type\":\"WebPage\",\"@id\":\"https:\/\/informeanualintegrado2018.ferrovial.com\/es\/ferrovial-en-2018\/clientes\/innovacion\/\",\"url\":\"https:\/\/informeanualintegrado2018.ferrovial.com\/es\/ferrovial-en-2018\/clientes\/innovacion\/\",\"name\":\"Innovaci\u00f3n - Informe Anual Integrado 2018\",\"isPartOf\":{\"@id\":\"https:\/\/informeanualintegrado2018.ferrovial.com\/es\/#website\"},\"primaryImageOfPage\":{\"@id\":\"https:\/\/informeanualintegrado2018.ferrovial.com\/es\/ferrovial-en-2018\/clientes\/innovacion\/#primaryimage\"},\"image\":{\"@id\":\"https:\/\/informeanualintegrado2018.ferrovial.com\/es\/ferrovial-en-2018\/clientes\/innovacion\/#primaryimage\"},\"thumbnailUrl\":\"https:\/\/static-iai.ferrovial.com\/wp-content\/uploads\/sites\/4\/2019\/02\/03115311\/zity.jpg\",\"datePublished\":\"2019-02-14T10:23:54+00:00\",\"dateModified\":\"2019-02-28T15:09:48+00:00\",\"breadcrumb\":{\"@id\":\"https:\/\/informeanualintegrado2018.ferrovial.com\/es\/ferrovial-en-2018\/clientes\/innovacion\/#breadcrumb\"},\"inLanguage\":\"es\",\"potentialAction\":[{\"@type\":\"ReadAction\",\"target\":[\"https:\/\/informeanualintegrado2018.ferrovial.com\/es\/ferrovial-en-2018\/clientes\/innovacion\/\"]}]},{\"@type\":\"ImageObject\",\"inLanguage\":\"es\",\"@id\":\"https:\/\/informeanualintegrado2018.ferrovial.com\/es\/ferrovial-en-2018\/clientes\/innovacion\/#primaryimage\",\"url\":\"https:\/\/static-iai.ferrovial.com\/wp-content\/uploads\/sites\/4\/2019\/02\/03115311\/zity.jpg\",\"contentUrl\":\"https:\/\/static-iai.ferrovial.com\/wp-content\/uploads\/sites\/4\/2019\/02\/03115311\/zity.jpg\",\"width\":1348,\"height\":899},{\"@type\":\"BreadcrumbList\",\"@id\":\"https:\/\/informeanualintegrado2018.ferrovial.com\/es\/ferrovial-en-2018\/clientes\/innovacion\/#breadcrumb\",\"itemListElement\":[{\"@type\":\"ListItem\",\"position\":1,\"name\":\"Portada\",\"item\":\"https:\/\/informeanualintegrado2018.ferrovial.com\/es\/\"},{\"@type\":\"ListItem\",\"position\":2,\"name\":\"Ferrovial en 2018\",\"item\":\"https:\/\/informeanualintegrado2018.ferrovial.com\/es\/ferrovial-en-2018\/\"},{\"@type\":\"ListItem\",\"position\":3,\"name\":\"Clientes\",\"item\":\"https:\/\/informeanualintegrado2018.ferrovial.com\/es\/ferrovial-en-2018\/clientes\/\"},{\"@type\":\"ListItem\",\"position\":4,\"name\":\"Innovaci\u00f3n\"}]},{\"@type\":\"WebSite\",\"@id\":\"https:\/\/informeanualintegrado2018.ferrovial.com\/es\/#website\",\"url\":\"https:\/\/informeanualintegrado2018.ferrovial.com\/es\/\",\"name\":\"Informe Anual Integrado 2018\",\"description\":\"\",\"publisher\":{\"@id\":\"https:\/\/informeanualintegrado2018.ferrovial.com\/es\/#organization\"},\"potentialAction\":[{\"@type\":\"SearchAction\",\"target\":{\"@type\":\"EntryPoint\",\"urlTemplate\":\"https:\/\/informeanualintegrado2018.ferrovial.com\/es\/?s={search_term_string}\"},\"query-input\":{\"@type\":\"PropertyValueSpecification\",\"valueRequired\":true,\"valueName\":\"search_term_string\"}}],\"inLanguage\":\"es\"},{\"@type\":\"Organization\",\"@id\":\"https:\/\/informeanualintegrado2018.ferrovial.com\/es\/#organization\",\"name\":\"Ferrovial Corporaci\u00f3n S.A\",\"url\":\"https:\/\/informeanualintegrado2018.ferrovial.com\/es\/\",\"logo\":{\"@type\":\"ImageObject\",\"inLanguage\":\"es\",\"@id\":\"https:\/\/informeanualintegrado2018.ferrovial.com\/es\/#\/schema\/logo\/image\/\",\"url\":\"https:\/\/static-iai.ferrovial.com\/wp-content\/uploads\/sites\/4\/2019\/02\/03115648\/ferrovial_logo_negativo.jpg\",\"contentUrl\":\"https:\/\/static-iai.ferrovial.com\/wp-content\/uploads\/sites\/4\/2019\/02\/03115648\/ferrovial_logo_negativo.jpg\",\"width\":1988,\"height\":688,\"caption\":\"Ferrovial Corporaci\u00f3n S.A\"},\"image\":{\"@id\":\"https:\/\/informeanualintegrado2018.ferrovial.com\/es\/#\/schema\/logo\/image\/\"},\"sameAs\":[\"https:\/\/www.facebook.com\/ferrovial\",\"https:\/\/x.com\/ferrovial_es\",\"https:\/\/instagram.com\/ferrovial\",\"https:\/\/www.linkedin.com\/company\/ferrovial\",\"https:\/\/pinterest.com\/ferrovial\",\"https:\/\/www.youtube.com\/ferrovial\"]}]}<\/script>\n<!-- \/ Yoast SEO plugin. -->","yoast_head_json":{"title":"Innovaci\u00f3n - Informe Anual Integrado 2018","robots":{"index":"noindex","follow":"follow","max-snippet":"max-snippet:-1","max-image-preview":"max-image-preview:large","max-video-preview":"max-video-preview:-1"},"og_locale":"es_ES","og_type":"article","og_title":"Innovaci\u00f3n - Informe Anual Integrado 2018","og_description":"La innovaci\u00f3n es uno de los ejes vertebradores de las actividades de ferrovial. La compa\u00f1\u00eda se focaliza en el desarrollo de proyectos vinculados a sus negocios que incrementan la creaci\u00f3n de valor.","og_url":"https:\/\/informeanualintegrado2018.ferrovial.com\/es\/ferrovial-en-2018\/clientes\/innovacion\/","og_site_name":"Informe Anual Integrado 2018","article_publisher":"https:\/\/www.facebook.com\/ferrovial","article_modified_time":"2019-02-28T15:09:48+00:00","og_image":[{"width":1348,"height":899,"url":"https:\/\/static-iai.ferrovial.com\/wp-content\/uploads\/sites\/4\/2019\/02\/03115311\/zity.jpg","type":"image\/jpeg"}],"twitter_card":"summary_large_image","twitter_site":"@ferrovial_es","schema":{"@context":"https:\/\/schema.org","@graph":[{"@type":"WebPage","@id":"https:\/\/informeanualintegrado2018.ferrovial.com\/es\/ferrovial-en-2018\/clientes\/innovacion\/","url":"https:\/\/informeanualintegrado2018.ferrovial.com\/es\/ferrovial-en-2018\/clientes\/innovacion\/","name":"Innovaci\u00f3n - Informe Anual Integrado 2018","isPartOf":{"@id":"https:\/\/informeanualintegrado2018.ferrovial.com\/es\/#website"},"primaryImageOfPage":{"@id":"https:\/\/informeanualintegrado2018.ferrovial.com\/es\/ferrovial-en-2018\/clientes\/innovacion\/#primaryimage"},"image":{"@id":"https:\/\/informeanualintegrado2018.ferrovial.com\/es\/ferrovial-en-2018\/clientes\/innovacion\/#primaryimage"},"thumbnailUrl":"https:\/\/static-iai.ferrovial.com\/wp-content\/uploads\/sites\/4\/2019\/02\/03115311\/zity.jpg","datePublished":"2019-02-14T10:23:54+00:00","dateModified":"2019-02-28T15:09:48+00:00","breadcrumb":{"@id":"https:\/\/informeanualintegrado2018.ferrovial.com\/es\/ferrovial-en-2018\/clientes\/innovacion\/#breadcrumb"},"inLanguage":"es","potentialAction":[{"@type":"ReadAction","target":["https:\/\/informeanualintegrado2018.ferrovial.com\/es\/ferrovial-en-2018\/clientes\/innovacion\/"]}]},{"@type":"ImageObject","inLanguage":"es","@id":"https:\/\/informeanualintegrado2018.ferrovial.com\/es\/ferrovial-en-2018\/clientes\/innovacion\/#primaryimage","url":"https:\/\/static-iai.ferrovial.com\/wp-content\/uploads\/sites\/4\/2019\/02\/03115311\/zity.jpg","contentUrl":"https:\/\/static-iai.ferrovial.com\/wp-content\/uploads\/sites\/4\/2019\/02\/03115311\/zity.jpg","width":1348,"height":899},{"@type":"BreadcrumbList","@id":"https:\/\/informeanualintegrado2018.ferrovial.com\/es\/ferrovial-en-2018\/clientes\/innovacion\/#breadcrumb","itemListElement":[{"@type":"ListItem","position":1,"name":"Portada","item":"https:\/\/informeanualintegrado2018.ferrovial.com\/es\/"},{"@type":"ListItem","position":2,"name":"Ferrovial en 2018","item":"https:\/\/informeanualintegrado2018.ferrovial.com\/es\/ferrovial-en-2018\/"},{"@type":"ListItem","position":3,"name":"Clientes","item":"https:\/\/informeanualintegrado2018.ferrovial.com\/es\/ferrovial-en-2018\/clientes\/"},{"@type":"ListItem","position":4,"name":"Innovaci\u00f3n"}]},{"@type":"WebSite","@id":"https:\/\/informeanualintegrado2018.ferrovial.com\/es\/#website","url":"https:\/\/informeanualintegrado2018.ferrovial.com\/es\/","name":"Informe Anual Integrado 2018","description":"","publisher":{"@id":"https:\/\/informeanualintegrado2018.ferrovial.com\/es\/#organization"},"potentialAction":[{"@type":"SearchAction","target":{"@type":"EntryPoint","urlTemplate":"https:\/\/informeanualintegrado2018.ferrovial.com\/es\/?s={search_term_string}"},"query-input":{"@type":"PropertyValueSpecification","valueRequired":true,"valueName":"search_term_string"}}],"inLanguage":"es"},{"@type":"Organization","@id":"https:\/\/informeanualintegrado2018.ferrovial.com\/es\/#organization","name":"Ferrovial Corporaci\u00f3n S.A","url":"https:\/\/informeanualintegrado2018.ferrovial.com\/es\/","logo":{"@type":"ImageObject","inLanguage":"es","@id":"https:\/\/informeanualintegrado2018.ferrovial.com\/es\/#\/schema\/logo\/image\/","url":"https:\/\/static-iai.ferrovial.com\/wp-content\/uploads\/sites\/4\/2019\/02\/03115648\/ferrovial_logo_negativo.jpg","contentUrl":"https:\/\/static-iai.ferrovial.com\/wp-content\/uploads\/sites\/4\/2019\/02\/03115648\/ferrovial_logo_negativo.jpg","width":1988,"height":688,"caption":"Ferrovial Corporaci\u00f3n S.A"},"image":{"@id":"https:\/\/informeanualintegrado2018.ferrovial.com\/es\/#\/schema\/logo\/image\/"},"sameAs":["https:\/\/www.facebook.com\/ferrovial","https:\/\/x.com\/ferrovial_es","https:\/\/instagram.com\/ferrovial","https:\/\/www.linkedin.com\/company\/ferrovial","https:\/\/pinterest.com\/ferrovial","https:\/\/www.youtube.com\/ferrovial"]}]}},"_links":{"self":[{"href":"https:\/\/informeanualintegrado2018.ferrovial.com\/es\/wp-json\/wp\/v2\/pages\/1902","targetHints":{"allow":["GET"]}}],"collection":[{"href":"https:\/\/informeanualintegrado2018.ferrovial.com\/es\/wp-json\/wp\/v2\/pages"}],"about":[{"href":"https:\/\/informeanualintegrado2018.ferrovial.com\/es\/wp-json\/wp\/v2\/types\/page"}],"replies":[{"embeddable":true,"href":"https:\/\/informeanualintegrado2018.ferrovial.com\/es\/wp-json\/wp\/v2\/comments?post=1902"}],"version-history":[{"count":10,"href":"https:\/\/informeanualintegrado2018.ferrovial.com\/es\/wp-json\/wp\/v2\/pages\/1902\/revisions"}],"predecessor-version":[{"id":5708,"href":"https:\/\/informeanualintegrado2018.ferrovial.com\/es\/wp-json\/wp\/v2\/pages\/1902\/revisions\/5708"}],"up":[{"embeddable":true,"href":"https:\/\/informeanualintegrado2018.ferrovial.com\/es\/wp-json\/wp\/v2\/pages\/74"}],"wp:featuredmedia":[{"embeddable":true,"href":"https:\/\/informeanualintegrado2018.ferrovial.com\/es\/wp-json\/wp\/v2\/media\/3492"}],"wp:attachment":[{"href":"https:\/\/informeanualintegrado2018.ferrovial.com\/es\/wp-json\/wp\/v2\/media?parent=1902"}],"curies":[{"name":"wp","href":"https:\/\/api.w.org\/{rel}","templated":true}]}}