{"id":80,"date":"2018-12-17T12:37:34","date_gmt":"2018-12-17T12:37:34","guid":{"rendered":"https:\/\/informeanualintegrado2018.ferrovial.com\/?page_id=80"},"modified":"2019-02-28T19:58:36","modified_gmt":"2019-02-28T18:58:36","slug":"retribuciones","status":"publish","type":"page","link":"https:\/\/informeanualintegrado2018.ferrovial.com\/es\/gobierno-corporativo\/retribuciones\/","title":{"rendered":"Retribuciones"},"content":{"rendered":"<p>Retribuciones<\/p>\n","protected":false},"excerpt":{"rendered":"<p>La retribuci\u00f3n del Consejo de Administraci\u00f3n de Ferrovial se determina en base a las mejores pr\u00e1cticas del mercado, apoy\u00e1ndose en estudios retributivos elaborados por asesores externos, en la normativa interna y en la normativa legal aplicable.<\/p>\n","protected":false},"author":3,"featured_media":4697,"parent":30,"menu_order":1,"comment_status":"closed","ping_status":"closed","template":"template-level.php","meta":{"_acf_changed":false,"_monsterinsights_skip_tracking":false,"_monsterinsights_sitenote_active":false,"_monsterinsights_sitenote_note":"","_monsterinsights_sitenote_category":0,"footnotes":""},"class_list":["post-80","page","type-page","status-publish","has-post-thumbnail","hentry"],"acf":[],"yoast_head":"<!-- This site is optimized with the Yoast SEO plugin v27.2 - https:\/\/yoast.com\/product\/yoast-seo-wordpress\/ -->\n<title>Retribuciones - Informe Anual Integrado 2018<\/title>\n<meta name=\"robots\" content=\"noindex, follow, max-snippet:-1, max-image-preview:large, max-video-preview:-1\" \/>\n<meta property=\"og:locale\" content=\"es_ES\" \/>\n<meta property=\"og:type\" content=\"article\" \/>\n<meta property=\"og:title\" content=\"Retribuciones - Informe Anual Integrado 2018\" \/>\n<meta property=\"og:description\" content=\"La retribuci\u00f3n del Consejo de Administraci\u00f3n de Ferrovial se determina en base a las mejores pr\u00e1cticas del mercado, apoy\u00e1ndose en estudios retributivos elaborados por asesores externos, en la normativa interna y en la normativa legal aplicable.\" \/>\n<meta property=\"og:url\" content=\"https:\/\/informeanualintegrado2018.ferrovial.com\/es\/gobierno-corporativo\/retribuciones\/\" \/>\n<meta property=\"og:site_name\" content=\"Informe Anual Integrado 2018\" \/>\n<meta property=\"article:publisher\" content=\"https:\/\/www.facebook.com\/ferrovial\" \/>\n<meta property=\"article:modified_time\" content=\"2019-02-28T18:58:36+00:00\" \/>\n<meta property=\"og:image\" content=\"https:\/\/static-iai.ferrovial.com\/wp-content\/uploads\/sites\/4\/2019\/02\/03115127\/retribuciones-university-of-art-in-poznan.jpg\" \/>\n\t<meta property=\"og:image:width\" content=\"2000\" \/>\n\t<meta property=\"og:image:height\" content=\"1857\" \/>\n\t<meta property=\"og:image:type\" content=\"image\/jpeg\" \/>\n<meta name=\"twitter:card\" content=\"summary_large_image\" \/>\n<meta name=\"twitter:site\" content=\"@ferrovial_es\" \/>\n<script type=\"application\/ld+json\" class=\"yoast-schema-graph\">{\"@context\":\"https:\/\/schema.org\",\"@graph\":[{\"@type\":\"WebPage\",\"@id\":\"https:\/\/informeanualintegrado2018.ferrovial.com\/es\/gobierno-corporativo\/retribuciones\/\",\"url\":\"https:\/\/informeanualintegrado2018.ferrovial.com\/es\/gobierno-corporativo\/retribuciones\/\",\"name\":\"Retribuciones - Informe Anual Integrado 2018\",\"isPartOf\":{\"@id\":\"https:\/\/informeanualintegrado2018.ferrovial.com\/es\/#website\"},\"primaryImageOfPage\":{\"@id\":\"https:\/\/informeanualintegrado2018.ferrovial.com\/es\/gobierno-corporativo\/retribuciones\/#primaryimage\"},\"image\":{\"@id\":\"https:\/\/informeanualintegrado2018.ferrovial.com\/es\/gobierno-corporativo\/retribuciones\/#primaryimage\"},\"thumbnailUrl\":\"https:\/\/static-iai.ferrovial.com\/wp-content\/uploads\/sites\/4\/2019\/02\/03115127\/retribuciones-university-of-art-in-poznan.jpg\",\"datePublished\":\"2018-12-17T12:37:34+00:00\",\"dateModified\":\"2019-02-28T18:58:36+00:00\",\"breadcrumb\":{\"@id\":\"https:\/\/informeanualintegrado2018.ferrovial.com\/es\/gobierno-corporativo\/retribuciones\/#breadcrumb\"},\"inLanguage\":\"es\",\"potentialAction\":[{\"@type\":\"ReadAction\",\"target\":[\"https:\/\/informeanualintegrado2018.ferrovial.com\/es\/gobierno-corporativo\/retribuciones\/\"]}]},{\"@type\":\"ImageObject\",\"inLanguage\":\"es\",\"@id\":\"https:\/\/informeanualintegrado2018.ferrovial.com\/es\/gobierno-corporativo\/retribuciones\/#primaryimage\",\"url\":\"https:\/\/static-iai.ferrovial.com\/wp-content\/uploads\/sites\/4\/2019\/02\/03115127\/retribuciones-university-of-art-in-poznan.jpg\",\"contentUrl\":\"https:\/\/static-iai.ferrovial.com\/wp-content\/uploads\/sites\/4\/2019\/02\/03115127\/retribuciones-university-of-art-in-poznan.jpg\",\"width\":2000,\"height\":1857},{\"@type\":\"BreadcrumbList\",\"@id\":\"https:\/\/informeanualintegrado2018.ferrovial.com\/es\/gobierno-corporativo\/retribuciones\/#breadcrumb\",\"itemListElement\":[{\"@type\":\"ListItem\",\"position\":1,\"name\":\"Portada\",\"item\":\"https:\/\/informeanualintegrado2018.ferrovial.com\/es\/\"},{\"@type\":\"ListItem\",\"position\":2,\"name\":\"Gobierno corporativo\",\"item\":\"https:\/\/informeanualintegrado2018.ferrovial.com\/es\/gobierno-corporativo\/\"},{\"@type\":\"ListItem\",\"position\":3,\"name\":\"Retribuciones\"}]},{\"@type\":\"WebSite\",\"@id\":\"https:\/\/informeanualintegrado2018.ferrovial.com\/es\/#website\",\"url\":\"https:\/\/informeanualintegrado2018.ferrovial.com\/es\/\",\"name\":\"Informe Anual Integrado 2018\",\"description\":\"\",\"publisher\":{\"@id\":\"https:\/\/informeanualintegrado2018.ferrovial.com\/es\/#organization\"},\"potentialAction\":[{\"@type\":\"SearchAction\",\"target\":{\"@type\":\"EntryPoint\",\"urlTemplate\":\"https:\/\/informeanualintegrado2018.ferrovial.com\/es\/?s={search_term_string}\"},\"query-input\":{\"@type\":\"PropertyValueSpecification\",\"valueRequired\":true,\"valueName\":\"search_term_string\"}}],\"inLanguage\":\"es\"},{\"@type\":\"Organization\",\"@id\":\"https:\/\/informeanualintegrado2018.ferrovial.com\/es\/#organization\",\"name\":\"Ferrovial Corporaci\u00f3n S.A\",\"url\":\"https:\/\/informeanualintegrado2018.ferrovial.com\/es\/\",\"logo\":{\"@type\":\"ImageObject\",\"inLanguage\":\"es\",\"@id\":\"https:\/\/informeanualintegrado2018.ferrovial.com\/es\/#\/schema\/logo\/image\/\",\"url\":\"https:\/\/static-iai.ferrovial.com\/wp-content\/uploads\/sites\/4\/2019\/02\/03115648\/ferrovial_logo_negativo.jpg\",\"contentUrl\":\"https:\/\/static-iai.ferrovial.com\/wp-content\/uploads\/sites\/4\/2019\/02\/03115648\/ferrovial_logo_negativo.jpg\",\"width\":1988,\"height\":688,\"caption\":\"Ferrovial Corporaci\u00f3n S.A\"},\"image\":{\"@id\":\"https:\/\/informeanualintegrado2018.ferrovial.com\/es\/#\/schema\/logo\/image\/\"},\"sameAs\":[\"https:\/\/www.facebook.com\/ferrovial\",\"https:\/\/x.com\/ferrovial_es\",\"https:\/\/instagram.com\/ferrovial\",\"https:\/\/www.linkedin.com\/company\/ferrovial\",\"https:\/\/pinterest.com\/ferrovial\",\"https:\/\/www.youtube.com\/ferrovial\"]}]}<\/script>\n<!-- \/ Yoast SEO plugin. -->","yoast_head_json":{"title":"Retribuciones - Informe Anual Integrado 2018","robots":{"index":"noindex","follow":"follow","max-snippet":"max-snippet:-1","max-image-preview":"max-image-preview:large","max-video-preview":"max-video-preview:-1"},"og_locale":"es_ES","og_type":"article","og_title":"Retribuciones - Informe Anual Integrado 2018","og_description":"La retribuci\u00f3n del Consejo de Administraci\u00f3n de Ferrovial se determina en base a las mejores pr\u00e1cticas del mercado, apoy\u00e1ndose en estudios retributivos elaborados por asesores externos, en la normativa interna y en la normativa legal aplicable.","og_url":"https:\/\/informeanualintegrado2018.ferrovial.com\/es\/gobierno-corporativo\/retribuciones\/","og_site_name":"Informe Anual Integrado 2018","article_publisher":"https:\/\/www.facebook.com\/ferrovial","article_modified_time":"2019-02-28T18:58:36+00:00","og_image":[{"width":2000,"height":1857,"url":"https:\/\/static-iai.ferrovial.com\/wp-content\/uploads\/sites\/4\/2019\/02\/03115127\/retribuciones-university-of-art-in-poznan.jpg","type":"image\/jpeg"}],"twitter_card":"summary_large_image","twitter_site":"@ferrovial_es","schema":{"@context":"https:\/\/schema.org","@graph":[{"@type":"WebPage","@id":"https:\/\/informeanualintegrado2018.ferrovial.com\/es\/gobierno-corporativo\/retribuciones\/","url":"https:\/\/informeanualintegrado2018.ferrovial.com\/es\/gobierno-corporativo\/retribuciones\/","name":"Retribuciones - Informe Anual Integrado 2018","isPartOf":{"@id":"https:\/\/informeanualintegrado2018.ferrovial.com\/es\/#website"},"primaryImageOfPage":{"@id":"https:\/\/informeanualintegrado2018.ferrovial.com\/es\/gobierno-corporativo\/retribuciones\/#primaryimage"},"image":{"@id":"https:\/\/informeanualintegrado2018.ferrovial.com\/es\/gobierno-corporativo\/retribuciones\/#primaryimage"},"thumbnailUrl":"https:\/\/static-iai.ferrovial.com\/wp-content\/uploads\/sites\/4\/2019\/02\/03115127\/retribuciones-university-of-art-in-poznan.jpg","datePublished":"2018-12-17T12:37:34+00:00","dateModified":"2019-02-28T18:58:36+00:00","breadcrumb":{"@id":"https:\/\/informeanualintegrado2018.ferrovial.com\/es\/gobierno-corporativo\/retribuciones\/#breadcrumb"},"inLanguage":"es","potentialAction":[{"@type":"ReadAction","target":["https:\/\/informeanualintegrado2018.ferrovial.com\/es\/gobierno-corporativo\/retribuciones\/"]}]},{"@type":"ImageObject","inLanguage":"es","@id":"https:\/\/informeanualintegrado2018.ferrovial.com\/es\/gobierno-corporativo\/retribuciones\/#primaryimage","url":"https:\/\/static-iai.ferrovial.com\/wp-content\/uploads\/sites\/4\/2019\/02\/03115127\/retribuciones-university-of-art-in-poznan.jpg","contentUrl":"https:\/\/static-iai.ferrovial.com\/wp-content\/uploads\/sites\/4\/2019\/02\/03115127\/retribuciones-university-of-art-in-poznan.jpg","width":2000,"height":1857},{"@type":"BreadcrumbList","@id":"https:\/\/informeanualintegrado2018.ferrovial.com\/es\/gobierno-corporativo\/retribuciones\/#breadcrumb","itemListElement":[{"@type":"ListItem","position":1,"name":"Portada","item":"https:\/\/informeanualintegrado2018.ferrovial.com\/es\/"},{"@type":"ListItem","position":2,"name":"Gobierno corporativo","item":"https:\/\/informeanualintegrado2018.ferrovial.com\/es\/gobierno-corporativo\/"},{"@type":"ListItem","position":3,"name":"Retribuciones"}]},{"@type":"WebSite","@id":"https:\/\/informeanualintegrado2018.ferrovial.com\/es\/#website","url":"https:\/\/informeanualintegrado2018.ferrovial.com\/es\/","name":"Informe Anual Integrado 2018","description":"","publisher":{"@id":"https:\/\/informeanualintegrado2018.ferrovial.com\/es\/#organization"},"potentialAction":[{"@type":"SearchAction","target":{"@type":"EntryPoint","urlTemplate":"https:\/\/informeanualintegrado2018.ferrovial.com\/es\/?s={search_term_string}"},"query-input":{"@type":"PropertyValueSpecification","valueRequired":true,"valueName":"search_term_string"}}],"inLanguage":"es"},{"@type":"Organization","@id":"https:\/\/informeanualintegrado2018.ferrovial.com\/es\/#organization","name":"Ferrovial Corporaci\u00f3n S.A","url":"https:\/\/informeanualintegrado2018.ferrovial.com\/es\/","logo":{"@type":"ImageObject","inLanguage":"es","@id":"https:\/\/informeanualintegrado2018.ferrovial.com\/es\/#\/schema\/logo\/image\/","url":"https:\/\/static-iai.ferrovial.com\/wp-content\/uploads\/sites\/4\/2019\/02\/03115648\/ferrovial_logo_negativo.jpg","contentUrl":"https:\/\/static-iai.ferrovial.com\/wp-content\/uploads\/sites\/4\/2019\/02\/03115648\/ferrovial_logo_negativo.jpg","width":1988,"height":688,"caption":"Ferrovial Corporaci\u00f3n S.A"},"image":{"@id":"https:\/\/informeanualintegrado2018.ferrovial.com\/es\/#\/schema\/logo\/image\/"},"sameAs":["https:\/\/www.facebook.com\/ferrovial","https:\/\/x.com\/ferrovial_es","https:\/\/instagram.com\/ferrovial","https:\/\/www.linkedin.com\/company\/ferrovial","https:\/\/pinterest.com\/ferrovial","https:\/\/www.youtube.com\/ferrovial"]}]}},"_links":{"self":[{"href":"https:\/\/informeanualintegrado2018.ferrovial.com\/es\/wp-json\/wp\/v2\/pages\/80","targetHints":{"allow":["GET"]}}],"collection":[{"href":"https:\/\/informeanualintegrado2018.ferrovial.com\/es\/wp-json\/wp\/v2\/pages"}],"about":[{"href":"https:\/\/informeanualintegrado2018.ferrovial.com\/es\/wp-json\/wp\/v2\/types\/page"}],"author":[{"embeddable":true,"href":"https:\/\/informeanualintegrado2018.ferrovial.com\/es\/wp-json\/wp\/v2\/users\/3"}],"replies":[{"embeddable":true,"href":"https:\/\/informeanualintegrado2018.ferrovial.com\/es\/wp-json\/wp\/v2\/comments?post=80"}],"version-history":[{"count":10,"href":"https:\/\/informeanualintegrado2018.ferrovial.com\/es\/wp-json\/wp\/v2\/pages\/80\/revisions"}],"predecessor-version":[{"id":5995,"href":"https:\/\/informeanualintegrado2018.ferrovial.com\/es\/wp-json\/wp\/v2\/pages\/80\/revisions\/5995"}],"up":[{"embeddable":true,"href":"https:\/\/informeanualintegrado2018.ferrovial.com\/es\/wp-json\/wp\/v2\/pages\/30"}],"wp:featuredmedia":[{"embeddable":true,"href":"https:\/\/informeanualintegrado2018.ferrovial.com\/es\/wp-json\/wp\/v2\/media\/4697"}],"wp:attachment":[{"href":"https:\/\/informeanualintegrado2018.ferrovial.com\/es\/wp-json\/wp\/v2\/media?parent=80"}],"curies":[{"name":"wp","href":"https:\/\/api.w.org\/{rel}","templated":true}]}}